{"id":2,"date":"2007-03-09T21:32:01","date_gmt":"2007-03-09T21:32:01","guid":{"rendered":""},"modified":"2016-03-28T19:01:56","modified_gmt":"2016-03-28T19:01:56","slug":"about","status":"publish","type":"page","link":"https:\/\/degenio.com\/blog\/about\/","title":{"rendered":"About me"},"content":{"rendered":"<p><strong>Hafed BENTEFTIFA<\/strong><\/p>\n<p>A discussion about Oracle Developer tools, Entreprise tools, and Big data tools and\u00a0concepts.<\/p>\n<p>I am\u00a0teaching full time at College de Bois de Boulogne and \u00a0also work as an IT consultant with emphasis on training.<\/p>\n<p>Since 2005,\u00a0I taught\u00a0Oracle Forms, Designer and APEX at College de Bois de Boulogne in Montreal, Quebec, Canada. From 2009 and onwards, I taught a number of programming courses around Android, Java and python at a number of companies and educational institutions in Quebec.<\/p>\n<p>Update 2015-2016: We started a certificate in Big data and Business Intelligence at College de Bois de Boulogne, Montreal in June 2015. I am in charge of two courses within that specialization.<br \/>\n<br \/>\n<strong>My Background<\/strong><\/p>\n<p>I was trained at \u00c9cole Polytechnique- ENPA Algiers-Algeria and received a diplome d&#8217;ing\u00e9nieur en \u00c9lectronique in 1985* with the highest grade point average (GPA) for the class of &#8217;85 and at the same time being the youngest graduate.<\/p>\n<p>I received a Master&#8217;s degree and PhD in Electrical Engineering (with minors in Mathematics and Computer Science) in 1988 and 1990 from Polytechnic Institute (New York University-polytechnic school of engineering), respectively. I am a member of Tau Beta Pi, the engineering honor society.<\/p>\n<p>In a former life, I co-authored a number of papers published in Pattern Recognition and IEEE. I also co-authored (with professor emeritus Ludwik Kurz) a book on Statistical Image processing published by Cambridge University Press (1997). I taught statistics, signal processing, image processing, detection and estimation theory and a number\u00a0of courses in electronics.<\/p>\n<p>*Disclaimer: For Quebec legal reasons, I am not claiming I am an &#8220;Ing\u00e9nieur&#8221; or that I am a member of &#8220;l&#8217;ordre des ing\u00e9nieurs du Qu\u00e9bec&#8221;.<\/p>\n","protected":false},"excerpt":{"rendered":"<p>Hafed BENTEFTIFA A discussion about Oracle Developer tools, Entreprise tools, and Big data tools and\u00a0concepts. I am\u00a0teaching full time at College de Bois de Boulogne and \u00a0also work as an IT consultant with emphasis on training. Since 2005,\u00a0I taught\u00a0Oracle Forms, Designer and APEX at College de Bois de Boulogne in Montreal, Quebec, Canada. From 2009 [&hellip;]<\/p>\n","protected":false},"author":1,"featured_media":0,"parent":0,"menu_order":200,"comment_status":"open","ping_status":"open","template":"","meta":{"jetpack_post_was_ever_published":false},"aioseo_notices":[],"jetpack_sharing_enabled":true,"jetpack_shortlink":"https:\/\/wp.me\/PhEMW-2","_links":{"self":[{"href":"https:\/\/degenio.com\/blog\/wp-json\/wp\/v2\/pages\/2"}],"collection":[{"href":"https:\/\/degenio.com\/blog\/wp-json\/wp\/v2\/pages"}],"about":[{"href":"https:\/\/degenio.com\/blog\/wp-json\/wp\/v2\/types\/page"}],"author":[{"embeddable":true,"href":"https:\/\/degenio.com\/blog\/wp-json\/wp\/v2\/users\/1"}],"replies":[{"embeddable":true,"href":"https:\/\/degenio.com\/blog\/wp-json\/wp\/v2\/comments?post=2"}],"version-history":[{"count":15,"href":"https:\/\/degenio.com\/blog\/wp-json\/wp\/v2\/pages\/2\/revisions"}],"predecessor-version":[{"id":300,"href":"https:\/\/degenio.com\/blog\/wp-json\/wp\/v2\/pages\/2\/revisions\/300"}],"wp:attachment":[{"href":"https:\/\/degenio.com\/blog\/wp-json\/wp\/v2\/media?parent=2"}],"curies":[{"name":"wp","href":"https:\/\/api.w.org\/{rel}","templated":true}]}}