{"id":373,"date":"2023-12-07T13:40:20","date_gmt":"2023-12-07T13:40:20","guid":{"rendered":"https:\/\/degenio.com\/blog\/home\/"},"modified":"2023-12-10T14:31:59","modified_gmt":"2023-12-10T14:31:59","slug":"home","status":"publish","type":"page","link":"https:\/\/degenio.com\/blog\/","title":{"rendered":"Accueil"},"content":{"rendered":"\n\n\n\n\n\n\n<h2>NOTRE MISSION<\/h2>\n\n<p>Transmettre les comp\u00e9tences n\u00e9cessaires pour que vous puissiez \u00e9voluer dans le domaine des donn\u00e9es.&nbsp;<\/p>\n<p><br><\/p>\n\n\n\n\n<h2>NOTRE STRAT\u00c9GIE<\/h2>\n\n<p>Nos formations sont hands-on du d\u00e9but jusqu&#8217;\u00e0 la fin.&nbsp;<\/p>\n<p><br><\/p>\n\n\n\n\n\n\n\n\n<h2>NOS FORMATIONS<\/h2>\n\n<p>It is a long established fact that a reader will be distracted by the readable content of a page when looking at its layout. The point of using Lorem Ipsum is that it has a more-or-less normal distribution of letters, as opposed to using &#8216;Content here, content here&#8217;, making it look like readable English.<\/p>\n\n\n\n\n\n\n\n\n\n\n\n\n\n\n\n\n\n\n\n\n\n\n\n\n\n\n\n\n\n<h2>CE QUE LES PARTICIPANTS DISENT<\/h2>\n\n\n\n<p><span data-canva-clipboard=\"ewAiAGEAIgA6ADUALAAiAGQAIgA6ACIAQgAiACwAIgBoACIAOgAiAHcAdwB3AC4AYwBhAG4AdgBhAC4AYwBvAG0AIgAsACIAYwAiADoAIgBEAEEARgAyAGgAaAB5ADcAOABOADQAIgAsACIAaQAiADoAIgA4ADYAbgB5AGcAYwB1AFoAcQBDADYAagBNAGwANwBnAG0AMQBGADAATABRACIALAAiAGIAIgA6ADEANwAwADIAMQA1ADkANQA1ADQAMgAxADkALAAiAGoAIgA6AFsAewB9ACwAewB9AF0ALAAiAEEAPwAiADoAIgBCACIALAAiAEEAIgA6AFsAewAiAEEAIgA6ADIAMAAxAC4AOQA1ADIAOAAzADIANQA5ADcAOAA1ADgANAA1ACwAIgBCACIAOgA3ADUALgAzADEAOQAwADEAOQA1ADEAMgA4ADAAOQAyACwAIgBEACIAOgAzADQAOAAuADkAMQA2ADQANQAwADAAMgA5ADIANgAwADIANgAsACIAQwAiADoAOQA2AC4AMAA5ADQAMwAzADQAOAAwADQAMgA4ADMAMAA0ACwAIgBBAD8AIgA6ACIASgAiACwAIgBhACIAOgB7ACIARAAiADoANgA0ACwAIgBDACIAOgA2ADQAfQAsACIAYgAiADoAWwB7ACIAQQAiADoAIgBNADAAIAAwAEgANgA0AFYANgA0AEgAMAB6ACIALAAiAEIAIgA6AHsAIgBBACIAOgBmAGEAbABzAGUAfQAsACIAQwAiADoAewAiAEEAIgA6ADMALAAiAEIAIgA6ACIAIwAwADAAMAAwADAAMAAiACwAIgBmACIAOgB0AHIAdQBlAH0AfQBdACwAIgBjACIAOgB7ACIAQQAiADoAewAiAEQAIgA6ADYANAAsACIAQwAiADoANgA0AH0ALAAiAEIAIgA6ADEAMwAyAC4ANAA5ADcAMQA5ADkANwA1ADMAMgA4ADIAMwAzACwAIgBDACIAOgAzADYALgA0ADkAMAA3ADcAMAA5ADkAMwAwADMAOQAwADIALAAiAEQAIgA6ACIAQQAiACwAIgBFACIAOgAiAEEAIgB9ACwAIgBlACIAOgB7AH0ALAAiAGYAIgA6AFsAewAiAEEAIgA6AHsAIgBBACIAOgBbAHsAIgBBAD8AIgA6ACIAQQAiACwAIgBBACIAOgAiAFwAbgAiAH0AXQAsACIAQgAiADoAWwB7ACIAQQA\/ACIAOgAiAEEAIgAsACIAQQAiADoAewAiAHQAZQB4AHQALQB0AHIAYQBuAHMAZgBvAHIAbQAiADoAewAiAEIAIgA6ACIAbgBvAG4AZQAiAH0ALAAiAGMAbwBsAG8AcgAiADoAewAiAEIAIgA6ACIAIwBmAGYAZgBmAGYAZgAiAH0ALAAiAGwAZQBhAGQAaQBuAGcAIgA6AHsAIgBCACIAOgAiADEANAAwADAALgAwACIAfQAsACIAZgBvAG4AdAAtAHcAZQBpAGcAaAB0ACIAOgB7ACIAQgAiADoAIgBsAGkAZwBoAHQAIgB9ACwAIgBmAG8AbgB0AC0AcwBpAHoAZQAiADoAewAiAEIAIgA6ACIAMQAyAC4AMAAiAH0ALAAiAGYAbwBuAHQALQBmAGEAbQBpAGwAeQAiADoAewAiAEIAIgA6ACIAWQBBAEYAZABKAHQAOABkAEEAWQAwACwAMAAiAH0ALAAiAHQAcgBhAGMAawBpAG4AZwAiADoAewAiAEIAIgA6ACIAMAAuADAAIgB9ACwAIgB0AGUAeAB0AC0AYQBsAGkAZwBuACIAOgB7ACIAQgAiADoAIgBjAGUAbgB0AGUAcgAiAH0AfQB9ACwAewAiAEEAPwAiADoAIgBCACIALAAiAEEAIgA6ADEAfQAsAHsAIgBBAD8AIgA6ACIAQQAiACwAIgBBACIAOgB7ACIAdABlAHgAdAAtAHQAcgBhAG4AcwBmAG8AcgBtACIAOgB7ACIAQQAiADoAIgBuAG8AbgBlACIAfQAsACIAYwBvAGwAbwByACIAOgB7ACIAQQAiADoAIgAjAGYAZgBmAGYAZgBmACIAfQAsACIAZgBvAG4AdAAtAHcAZQBpAGcAaAB0ACIAOgB7ACIAQQAiADoAIgBsAGkAZwBoAHQAIgB9ACwAIgBsAGUAYQBkAGkAbgBnACIAOgB7ACIAQQAiADoAIgAxADQAMAAwAC4AMAAiAH0ALAAiAGYAbwBuAHQALQBzAGkAegBlACIAOgB7ACIAQQAiADoAIgAxADIALgAwACIAfQAsACIAZgBvAG4AdAAtAGYAYQBtAGkAbAB5ACIAOgB7ACIAQQAiADoAIgBZAEEARgBkAEoAdAA4AGQAQQBZADAALAAwACIAfQAsACIAdAByAGEAYwBrAGkAbgBnACIAOgB7ACIAQQAiADoAIgAwAC4AMAAiAH0ALAAiAHQAZQB4AHQALQBhAGwAaQBnAG4AIgA6AHsAIgBBACIAOgAiAGMAZQBuAHQAZQByACIAfQB9AH0AXQB9ACwAIgBCACIAOgB7AH0ALAAiAEQAIgA6AHsAIgBEACIAOgA2ADQALAAiAEMAIgA6ADYANAB9ACwAIgBFACIAOgBbADQAXQAsACIARgAiADoAIgBCACIAfQBdACwAIgBoACIAOgB7ACIAQQA\/ACIAOgAiAEgAIgAsACIAQQAiADoAOQA2AC4AMAA5ADQAMwAzADQAOAAwADQAMgA4ADMAMAA0AH0AfQAsAHsAIgBBACIAOgAyADEAMAAuADkAOAAyADgANgA0ADYAMwA5ADgANAA0ADAAOAAsACIAQgAiADoAOAA0AC4ANwA0ADUAMQA4ADkAMAA3ADgAOQA0ADIANgA5ACwAIgBEACIAOgAxADYANQAuADAAMwAyADAANQA1ADQANAA4ADQAOQA2ADYALAAiAEMAIgA6ADcAOAAuADAAMwA0ADIANwAwADcAMgAwADMAMQAxADcAOAAsACIAQQA\/ACIAOgAiAEoAIgAsACIAYQAiADoAewAiAEQAIgA6ADYANAAsACIAQwAiADoANgA0AH0ALAAiAGIAIgA6AFsAewAiAEEAIgA6ACIATQAwACAAMABIADYANABWADYANABIADAAegAiACwAIgBCACIAOgB7ACIAQQAiADoAZgBhAGwAcwBlACwAIgBDACIAOgAiACMAMAAwADAAMAAwADAAIgB9ACwAIgBDACIAOgB7ACIAQgAiADoAIgAjADAAMAAwADAAMAAwACIALAAiAGYAIgA6AHQAcgB1AGUAfQB9AF0ALAAiAGMAIgA6AHsAIgBBACIAOgB7ACIARAAiADoANgA0ACwAIgBDACIAOgA2ADQAfQAsACIAQgAiADoANwA5AC4ANQA0ADgANAAzADYANwAxADMANAA5ADgANAAsACIAQwAiADoAMwA3AC4ANgAxADMAOQAzADAAMwA5ADAANwAyADkAMgA1ACwAIgBEACIAOgAiAEEAIgAsACIARQAiADoAIgBBACIAfQAsACIAZQAiADoAewB9ACwAIgBmACIAOgBbAHsAIgBBACIAOgB7ACIAQQAiADoAWwB7ACIAQQA\/ACIAOgAiAEEAIgAsACIAQQAiADoAIgBcAG4AIgB9AF0ALAAiAEIAIgA6AFsAewAiAEEAPwAiADoAIgBBACIALAAiAEEAIgA6AHsAIgB0AGUAeAB0AC0AdAByAGEAbgBzAGYAbwByAG0AIgA6AHsAIgBCACIAOgAiAG4AbwBuAGUAIgB9ACwAIgBjAG8AbABvAHIAIgA6AHsAIgBCACIAOgAiACMAZgBmAGYAZgBmAGYAIgB9ACwAIgBsAGUAYQBkAGkAbgBnACIAOgB7ACIAQgAiADoAIgAxADQAMAAwAC4AMAAiAH0ALAAiAGYAbwBuAHQALQB3AGUAaQBnAGgAdAAiADoAewAiAEIAIgA6ACIAbABpAGcAaAB0ACIAfQAsACIAZgBvAG4AdAAtAHMAaQB6AGUAIgA6AHsAIgBCACIAOgAiADEAMgAuADAAIgB9ACwAIgBmAG8AbgB0AC0AZgBhAG0AaQBsAHkAIgA6AHsAIgBCACIAOgAiAFkAQQBGAGQASgB0ADgAZABBAFkAMAAsADAAIgB9ACwAIgB0AHIAYQBjAGsAaQBuAGcAIgA6AHsAIgBCACIAOgAiADAALgAwACIAfQAsACIAdABlAHgAdAAtAGEAbABpAGcAbgAiADoAewAiAEIAIgA6ACIAYwBlAG4AdABlAHIAIgB9AH0AfQAsAHsAIgBBAD8AIgA6ACIAQgAiACwAIgBBACIAOgAxAH0ALAB7ACIAQQA\/ACIAOgAiAEEAIgAsACIAQQAiADoAewAiAHQAZQB4AHQALQB0AHIAYQBuAHMAZgBvAHIAbQAiADoAewAiAEEAIgA6ACIAbgBvAG4AZQAiAH0ALAAiAGMAbwBsAG8AcgAiADoAewAiAEEAIgA6ACIAIwBmAGYAZgBmAGYAZgAiAH0ALAAiAGYAbwBuAHQALQB3AGUAaQBnAGgAdAAiADoAewAiAEEAIgA6ACIAbABpAGcAaAB0ACIAfQAsACIAbABlAGEAZABpAG4AZwAiADoAewAiAEEAIgA6ACIAMQA0ADAAMAAuADAAIgB9ACwAIgBmAG8AbgB0AC0AcwBpAHoAZQAiADoAewAiAEEAIgA6ACIAMQAyAC4AMAAiAH0ALAAiAGYAbwBuAHQALQBmAGEAbQBpAGwAeQAiADoAewAiAEEAIgA6ACIAWQBBAEYAZABKAHQAOABkAEEAWQAwACwAMAAiAH0ALAAiAHQAcgBhAGMAawBpAG4AZwAiADoAewAiAEEAIgA6ACIAMAAuADAAIgB9ACwAIgB0AGUAeAB0AC0AYQBsAGkAZwBuACIAOgB7ACIAQQAiADoAIgBjAGUAbgB0AGUAcgAiAH0AfQB9AF0AfQAsACIAQgAiADoAewB9ACwAIgBEACIAOgB7ACIARAAiADoANgA0ACwAIgBDACIAOgA2ADQAfQAsACIARQAiADoAWwA0AF0ALAAiAEYAIgA6ACIAQgAiAH0AXQAsACIAaAAiADoAewAiAEEAPwAiADoAIgBIACIALAAiAEEAIgA6ADcAOAAuADAAMwA0ADIANwAwADcAMgAwADMAMQAxADcAOAB9AH0ALAB7ACIAQQAiADoAMgAzADMALgA5ADAAMgA5ADUAMAAzADgANAAwADEAOQA5ADYALAAiAEIAIgA6ADgANAAuADcANAA1ADEAOAA5ADAANwA4ADkANAAyADYAOQAsACIARAAiADoAMQA2ADUALgAwADMAMgAwADUANQA0ADQAOAA0ADkANgA2ADYALAAiAEMAIgA6ADIAOAAuADEAOQA5ADkAOAAsACIATgAiADoAIgB0AGkAdABsAGUAIgAsACIAQQA\/ACIAOgAiAEsAIgAsACIAYQAiADoAewAiAEEAIgA6AFsAewAiAEEAPwAiADoAIgBBACIALAAiAEEAIgA6ACIARABlAGcAZQBuAGkAbwBcAG4AIgB9AF0ALAAiAEIAIgA6AFsAewAiAEEAPwAiADoAIgBBACIALAAiAEEAIgA6AHsAIgBmAG8AbgB0AC0AdwBlAGkAZwBoAHQAIgA6AHsAIgBCACIAOgAiAGIAbwBsAGQAIgB9ACwAIgBmAG8AbgB0AC0AcwBpAHoAZQAiADoAewAiAEIAIgA6ACIAMgA0AC4AMAAwADAAMQAiAH0ALAAiAGMAbwBsAG8AcgAiADoAewAiAEIAIgA6ACIAIwBmAGYAZgBmAGYAZgAiAH0ALAAiAGYAbwBuAHQALQBmAGEAbQBpAGwAeQAiADoAewAiAEIAIgA6ACIAWQBBAEUAbgBsADIAMQB6AGkANABVACwAMQAiAH0ALAAiAHQAcgBhAGMAawBpAG4AZwAiADoAewAiAEIAIgA6ACIANwA2AC4AMAAiAH0ALAAiAHQAZQB4AHQALQB0AHIAYQBuAHMAZgBvAHIAbQAiADoAewAiAEIAIgA6ACIAdQBwAHAAZQByAGMAYQBzAGUAIgB9ACwAIgB0AGUAeAB0AC0AYQBsAGkAZwBuACIAOgB7ACIAQgAiADoAIgBjAGUAbgB0AGUAcgAiAH0AfQB9ACwAewAiAEEAPwAiADoAIgBCACIALAAiAEEAIgA6ADcAfQAsAHsAIgBBAD8AIgA6ACIAQQAiACwAIgBBACIAOgB7ACIAbABlAGEAZABpAG4AZwAiADoAewAiAEIAIgA6ACIAMQA0ADAAMAAuADAAIgB9ACwAIgBmAG8AbgB0AC0AcwB0AHkAbABlACIAOgB7ACIAQgAiADoAIgBuAG8AcgBtAGEAbAAiAH0AfQB9ACwAewAiAEEAPwAiADoAIgBCACIALAAiAEEAIgA6ADEAfQAsAHsAIgBBAD8AIgA6ACIAQQAiACwAIgBBACIAOgB7ACIAZgBvAG4AdAAtAHcAZQBpAGcAaAB0ACIAOgB7ACIAQQAiADoAIgBiAG8AbABkACIAfQAsACIAZgBvAG4AdAAtAHMAaQB6AGUAIgA6AHsAIgBBACIAOgAiADIANAAuADAAMAAwADEAIgB9ACwAIgBjAG8AbABvAHIAIgA6AHsAIgBBACIAOgAiACMAZgBmAGYAZgBmAGYAIgB9ACwAIgBmAG8AbgB0AC0AZgBhAG0AaQBsAHkAIgA6AHsAIgBBACIAOgAiAFkAQQBFAG4AbAAyADEAegBpADQAVQAsADEAIgB9ACwAIgB0AHIAYQBjAGsAaQBuAGcAIgA6AHsAIgBBACIAOgAiADcANgAuADAAIgB9ACwAIgB0AGUAeAB0AC0AdAByAGEAbgBzAGYAbwByAG0AIgA6AHsAIgBBACIAOgAiAHUAcABwAGUAcgBjAGEAcwBlACIAfQAsACIAdABlAHgAdAAtAGEAbABpAGcAbgAiADoAewAiAEEAIgA6ACIAYwBlAG4AdABlAHIAIgB9ACwAIgBsAGUAYQBkAGkAbgBnACIAOgB7ACIAQQAiADoAIgAxADQAMAAwAC4AMAAiAH0ALAAiAGYAbwBuAHQALQBzAHQAeQBsAGUAIgA6AHsAIgBBACIAOgAiAG4AbwByAG0AYQBsACIAfQB9AH0AXQB9ACwAIgBiACIAOgB7AH0ALAAiAGQAIgA6ACIAQQAiACwAIgBnACIAOgBmAGEAbABzAGUALAAiAGgAIgA6ACIAQQAiAH0ALAB7ACIAQQAiADoAMgAzADMALgA5ADAAMgA5ADUAMAAzADgANAAwADEAOQA5ACwAIgBCACIAOgAyADQAOQAuADcANwA3ADIANAA0ADUAMgA3ADQAMwA5ADMANgAsACIARAAiADoAMQA3ADQALgA5ADAAMwA3ADMANQA5ADUAOQA3ADUAMQAzADcALAAiAEMAIgA6ADIAOAAuADEANwA2ADAAOQA5ADkAOQA5ADkAOQA5ADkAOQA4ACwAIgBOACIAOgAiAHMAdQBiAHQAaQB0AGwAZQAiACwAIgBBAD8AIgA6ACIASwAiACwAIgBhACIAOgB7ACIAQQAiADoAWwB7ACIAQQA\/ACIAOgAiAEEAIgAsACIAQQAiADoAIgBjAG8AbgBzAGUAaQBsAGwAZQByAHMAXABuACIAfQBdACwAIgBCACIAOgBbAHsAIgBBAD8AIgA6ACIAQQAiACwAIgBBACIAOgB7ACIAZgBvAG4AdAAtAHMAaQB6AGUAIgA6AHsAIgBCACIAOgAiADIANAAuADEAMQA5ADUAIgB9ACwAIgBmAG8AbgB0AC0AZgBhAG0AaQBsAHkAIgA6AHsAIgBCACIAOgAiAFkAQQBFAG4AbAAyADEAegBpADQAVQAsADEAIgB9ACwAIgB0AGUAeAB0AC0AdAByAGEAbgBzAGYAbwByAG0AIgA6AHsAIgBCACIAOgAiAHUAcABwAGUAcgBjAGEAcwBlACIAfQAsACIAdABlAHgAdAAtAGEAbABpAGcAbgAiADoAewAiAEIAIgA6ACIAYwBlAG4AdABlAHIAIgB9AH0AfQAsAHsAIgBBAD8AIgA6ACIAQgAiACwAIgBBACIAOgAxADEAfQAsAHsAIgBBAD8AIgA6ACIAQQAiACwAIgBBACIAOgB7ACIAbABlAGEAZABpAG4AZwAiADoAewAiAEIAIgA6ACIAMQA0ADAAMAAuADAAIgB9ACwAIgB0AHIAYQBjAGsAaQBuAGcAIgA6AHsAIgBCACIAOgAiADAALgAwACIAfQB9AH0ALAB7ACIAQQA\/ACIAOgAiAEIAIgAsACIAQQAiADoAMQB9ACwAewAiAEEAPwAiADoAIgBBACIALAAiAEEAIgA6AHsAIgBmAG8AbgB0AC0AcwBpAHoAZQAiADoAewAiAEEAIgA6ACIAMgA0AC4AMQAxADkANQAiAH0ALAAiAGYAbwBuAHQALQBmAGEAbQBpAGwAeQAiADoAewAiAEEAIgA6ACIAWQBBAEUAbgBsADIAMQB6AGkANABVACwAMQAiAH0ALAAiAHQAZQB4AHQALQB0AHIAYQBuAHMAZgBvAHIAbQAiADoAewAiAEEAIgA6ACIAdQBwAHAAZQByAGMAYQBzAGUAIgB9ACwAIgB0AGUAeAB0AC0AYQBsAGkAZwBuACIAOgB7ACIAQQAiADoAIgBjAGUAbgB0AGUAcgAiAH0ALAAiAGwAZQBhAGQAaQBuAGcAIgA6AHsAIgBBACIAOgAiADEANAAwADAALgAwACIAfQAsACIAdAByAGEAYwBrAGkAbgBnACIAOgB7ACIAQQAiADoAIgAwAC4AMAAiAH0AfQB9AF0AfQAsACIAYgAiADoAewB9ACwAIgBkACIAOgAiAEEAIgAsACIAZwAiADoAZgBhAGwAcwBlACwAIgBoACIAOgAiAEEAIgB9AF0ALAAiAEIAIgA6ADUAMAAwACwAIgBDACIAOgA1ADAAMAB9AA==\"><\/span><p>Tr\u00e8s bonne approche. Excellente maitrise du contenu<\/p><p><br><\/p><p><br><\/p><\/p>\n\n\n<p>Formation tr\u00e8s adapt\u00e9e \u00e0 la r\u00e9alit\u00e9 des activit\u00e9s en ce moment et excellent p\u00e9dagogue. Un Grand Merci!<\/p><p><br><\/p>\n\n\n<p>La base du langage Python semble bien couverte. Je sens que je quitte la formation avec tous les outils n\u00e9cessaires pour initier des projets dans ce langage. Je recommande fortement cette formation<\/p>\n\n\n\n\n","protected":false},"excerpt":{"rendered":"","protected":false},"author":3,"featured_media":0,"parent":0,"menu_order":0,"comment_status":"closed","ping_status":"closed","template":"","meta":{"jetpack_post_was_ever_published":false},"aioseo_notices":[],"jetpack_sharing_enabled":true,"jetpack_shortlink":"https:\/\/wp.me\/PhEMW-61","_links":{"self":[{"href":"https:\/\/degenio.com\/blog\/wp-json\/wp\/v2\/pages\/373"}],"collection":[{"href":"https:\/\/degenio.com\/blog\/wp-json\/wp\/v2\/pages"}],"about":[{"href":"https:\/\/degenio.com\/blog\/wp-json\/wp\/v2\/types\/page"}],"author":[{"embeddable":true,"href":"https:\/\/degenio.com\/blog\/wp-json\/wp\/v2\/users\/3"}],"replies":[{"embeddable":true,"href":"https:\/\/degenio.com\/blog\/wp-json\/wp\/v2\/comments?post=373"}],"version-history":[{"count":8,"href":"https:\/\/degenio.com\/blog\/wp-json\/wp\/v2\/pages\/373\/revisions"}],"predecessor-version":[{"id":502,"href":"https:\/\/degenio.com\/blog\/wp-json\/wp\/v2\/pages\/373\/revisions\/502"}],"wp:attachment":[{"href":"https:\/\/degenio.com\/blog\/wp-json\/wp\/v2\/media?parent=373"}],"curies":[{"name":"wp","href":"https:\/\/api.w.org\/{rel}","templated":true}]}}