{"id":376,"date":"2023-12-07T13:40:20","date_gmt":"2023-12-07T13:40:20","guid":{"rendered":"https:\/\/degenio.com\/blog\/service\/"},"modified":"2024-01-06T04:46:15","modified_gmt":"2024-01-06T04:46:15","slug":"formations","status":"publish","type":"page","link":"https:\/\/degenio.com\/blog\/formations\/","title":{"rendered":"Formations"},"content":{"rendered":"\n\n\n<h2><span style=\"background-color: rgb(255, 255, 255); color: rgb(230, 0, 0);\">NOS FORMATIONS<\/span> en LIGNE<\/h2>\n\n<h6>Un catalogue de cours en ligne synchrone et asynchrone pour acqu\u00e9rir les comp\u00e9tences n\u00e9cessaires pour pratiquer dans le monde de la donn\u00e9e<\/h6>\n\n\n\n\n\n\n\n\n\n\n\n\n\n\n\n\n\n\n<h2 style=\"color: rgb(255, 255, 255);\">CE QUI FAIT LA DIFFERENCE<\/h2>\n\n\n\n<p><span style=\"color:#ffffff;\">T<\/span><span style=\"color:#ffffff;\">ous les cours sont en ligne LIVE en mode synchrone.<\/span><\/p>\n\n\n<span style=\"color: rgb(255, 255, 255);\">Tous les cours LIVE sont enregistr\u00e9s pour ceux qui veulent suivre \u00e0 leur rythme<\/span>\n\n\n\n\n\n\n<h2>CE QUE DISENT NOS PARTICIPANTS&nbsp;<\/h2>\n\n\n\n<p>Excellente formation! Je suis fortement int\u00e9ress\u00e9 \u00e0 une suite sur python du point de vue des scientifiques de donn\u00e9es.<\/p>\n\n\n<p>Tr\u00e8s bonne approche. Excellente maitrise du contenu.<\/p><p><br><\/p>\n\n\n<p>J&#8217;ai beaucoup aim\u00e9 la mani\u00e8re dont la mati\u00e8re a \u00e9t\u00e9 donn\u00e9e par le formateur.<\/p>\n\n\n\n\n","protected":false},"excerpt":{"rendered":"","protected":false},"author":3,"featured_media":0,"parent":0,"menu_order":0,"comment_status":"closed","ping_status":"closed","template":"","meta":{"jetpack_post_was_ever_published":false},"aioseo_notices":[],"jetpack_sharing_enabled":true,"jetpack_shortlink":"https:\/\/wp.me\/PhEMW-64","_links":{"self":[{"href":"https:\/\/degenio.com\/blog\/wp-json\/wp\/v2\/pages\/376"}],"collection":[{"href":"https:\/\/degenio.com\/blog\/wp-json\/wp\/v2\/pages"}],"about":[{"href":"https:\/\/degenio.com\/blog\/wp-json\/wp\/v2\/types\/page"}],"author":[{"embeddable":true,"href":"https:\/\/degenio.com\/blog\/wp-json\/wp\/v2\/users\/3"}],"replies":[{"embeddable":true,"href":"https:\/\/degenio.com\/blog\/wp-json\/wp\/v2\/comments?post=376"}],"version-history":[{"count":11,"href":"https:\/\/degenio.com\/blog\/wp-json\/wp\/v2\/pages\/376\/revisions"}],"predecessor-version":[{"id":535,"href":"https:\/\/degenio.com\/blog\/wp-json\/wp\/v2\/pages\/376\/revisions\/535"}],"wp:attachment":[{"href":"https:\/\/degenio.com\/blog\/wp-json\/wp\/v2\/media?parent=376"}],"curies":[{"name":"wp","href":"https:\/\/api.w.org\/{rel}","templated":true}]}}