{"id":528,"date":"2023-12-12T01:17:18","date_gmt":"2023-12-12T01:17:18","guid":{"rendered":"https:\/\/degenio.com\/blog\/?page_id=528"},"modified":"2023-12-12T01:20:31","modified_gmt":"2023-12-12T01:20:31","slug":"fondements-mathematiques","status":"publish","type":"page","link":"https:\/\/degenio.com\/blog\/formations\/fondements-mathematiques\/","title":{"rendered":"Fondements math\u00e9matiques"},"content":{"rendered":"\n\n\n<h2><span style=\"color:#e60000;\">FONDEMENTS<\/span>&nbsp;MATH\u00c9MATIQUES<\/h2>\n\n<p>Python se d\u00e9marque par sa polyvalence et son accessibilit\u00e9 en tant que langage de programmation. Con\u00e7u pour les novices, ce parcours de comp\u00e9tences d\u00e9bute par les bases de la syntaxe et des fonctionnalit\u00e9s de Python, facilitant la cr\u00e9ation de programmes simples. <\/p>\n<p>La seconde moiti\u00e9 du parcours explore la programmation orient\u00e9e objet, offrant une compr\u00e9hension approfondie pour \u00e9laborer un code \u00e9volutif et modulaire, avec une emphase sur des algorithmes et des structures de donn\u00e9es couramment utilis\u00e9s. L&#8217;objectif ultime est que les apprenants construisent une application de bureau en utilisant la biblioth\u00e8que Tkinter en Python.<\/p><p><br><\/p><p>Ce parcours assure une ma\u00eetrise compl\u00e8te de Python, de la syntaxe de base aux concepts avanc\u00e9s, tout en favorisant une approche pratique. Les apprenants acqui\u00e8rent une expertise en r\u00e9solution de probl\u00e8mes, programmation orient\u00e9e objet, et impl\u00e9mentation d&#8217;algorithmes et de structures de donn\u00e9es.<\/p>\n\n\n\n\n\n<p><strong><span style=\"color:#e60000;\">Objectifs:<\/span><\/strong><\/p>\n<p>Se familiariser avec la syntaxe de base de python et d\u00e9velopper des scripts simples<\/p>\n<p><span style=\"font-weight: 700; color: rgb(230, 0, 0);\">Sujets abord\u00e9s:<\/span><\/p>\n<ul style=\"padding-left: 25px;\"><li class=\"jet-listing-dynamic-repeater__item\" style=\"box-sizing: border-box;\"><p style=\"font-family: var( --e-global-typography-dbfedf2-font-family ), Sans-serif; font-size: var( --e-global-typography-dbfedf2-font-size ); line-height: var( --e-global-typography-dbfedf2-line-height ); box-sizing: border-box; display: flex; -webkit-box-align: center; align-items: center; justify-content: flex-start; font-weight: var( --e-global-typography-dbfedf2-font-weight ); letter-spacing: var( --e-global-typography-dbfedf2-letter-spacing ); word-spacing: var( --e-global-typography-dbfedf2-word-spacing ); color: var( --e-global-color-text );\">Variable et types de donn\u00e9es<\/p><\/li><li class=\"jet-listing-dynamic-repeater__item\" style=\"box-sizing: border-box;\"><p style=\"font-family: var( --e-global-typography-dbfedf2-font-family ), Sans-serif; font-size: var( --e-global-typography-dbfedf2-font-size ); line-height: var( --e-global-typography-dbfedf2-line-height ); box-sizing: border-box; display: flex; -webkit-box-align: center; align-items: center; justify-content: flex-start; font-weight: var( --e-global-typography-dbfedf2-font-weight ); letter-spacing: var( --e-global-typography-dbfedf2-letter-spacing ); word-spacing: var( --e-global-typography-dbfedf2-word-spacing ); color: var( --e-global-color-text );\">Structures conditionnelles<\/p><\/li><li class=\"jet-listing-dynamic-repeater__item\" style=\"box-sizing: border-box;\"><p style=\"font-family: var( --e-global-typography-dbfedf2-font-family ), Sans-serif; font-size: var( --e-global-typography-dbfedf2-font-size ); line-height: var( --e-global-typography-dbfedf2-line-height ); box-sizing: border-box; display: flex; -webkit-box-align: center; align-items: center; justify-content: flex-start; font-weight: var( --e-global-typography-dbfedf2-font-weight ); letter-spacing: var( --e-global-typography-dbfedf2-letter-spacing ); word-spacing: var( --e-global-typography-dbfedf2-word-spacing ); color: var( --e-global-color-text );\">Structures r\u00e9p\u00e9titives<\/p><\/li><li class=\"jet-listing-dynamic-repeater__item\" style=\"box-sizing: border-box;\"><p style=\"font-family: var( --e-global-typography-dbfedf2-font-family ), Sans-serif; font-size: var( --e-global-typography-dbfedf2-font-size ); line-height: var( --e-global-typography-dbfedf2-line-height ); box-sizing: border-box; display: flex; -webkit-box-align: center; align-items: center; justify-content: flex-start; font-weight: var( --e-global-typography-dbfedf2-font-weight ); letter-spacing: var( --e-global-typography-dbfedf2-letter-spacing ); word-spacing: var( --e-global-typography-dbfedf2-word-spacing ); color: var( --e-global-color-text );\">Listes, tuples, sets et dictionnaires<\/p><\/li><li class=\"jet-listing-dynamic-repeater__item\" style=\"box-sizing: border-box;\"><p style=\"font-family: var( --e-global-typography-dbfedf2-font-family ), Sans-serif; font-size: var( --e-global-typography-dbfedf2-font-size ); line-height: var( --e-global-typography-dbfedf2-line-height ); box-sizing: border-box; display: flex; -webkit-box-align: center; align-items: center; justify-content: flex-start; font-weight: var( --e-global-typography-dbfedf2-font-weight ); letter-spacing: var( --e-global-typography-dbfedf2-letter-spacing ); word-spacing: var( --e-global-typography-dbfedf2-word-spacing ); color: var( --e-global-color-text );\">Fonctions<\/p><\/li><\/ul>\n<p><span style=\"color: rgb(230, 0, 0); font-weight: 700;\">Dur\u00e9e:&nbsp;<\/span>20 heures<br><\/p>\n<p><span style=\"color: rgb(230, 0, 0); font-weight: 700;\">Cout: <\/span>120 $<br><\/p>\n\n\n\n<p><strong><span style=\"color:#e60000;\">Objectifs:<\/span><\/strong><\/p>\n<p>Int\u00e9grer la programmation orient\u00e9e objet et les modules de la librairie standard<\/p>\n<p class=\"elementor-element elementor-element-ac607ba jedv-enabled--yes elementor-widget elementor-widget-heading\" data-id=\"ac607ba\" data-element_type=\"widget\" data-widget_type=\"heading.default\" style=\"box-sizing: border-box; --flex-direction: initial; --flex-wrap: initial; --justify-content: initial; --align-items: initial; --align-content: initial; --gap: initial; --flex-basis: initial; --flex-grow: initial; --flex-shrink: initial; --order: initial; --align-self: initial; flex-basis: var(--flex-basis); flex-grow: var(--flex-grow); flex-shrink: var(--flex-shrink); order: var(--order); align-self: var(--align-self); flex-direction: var(--flex-direction); flex-wrap: var(--flex-wrap); justify-content: var(--justify-content); align-items: var(--align-items); align-content: var(--align-content); gap: var(--gap); position: relative; --swiper-theme-color: #000; --swiper-navigation-size: 44px; --swiper-pagination-bullet-size: 6px; --swiper-pagination-bullet-horizontal-gap: 6px; --widgets-spacing: 0px; min-width: 0px; max-width: 100%;\"><\/p><p class=\"elementor-widget-container\" style=\"margin-bottom: 8px; box-sizing: border-box; transition: background .3s,border .3s,border-radius .3s,box-shadow .3s,transform var(--e-transform-transition-duration,.4s); height: 27.5938px;\"><span class=\"elementor-heading-title elementor-size-default\" style=\"box-sizing: border-box; line-height: var( --e-global-typography-c2933fa-line-height ); color: var( --e-global-color-primary ); font-family: var( --e-global-typography-c2933fa-font-family ), Sans-serif; font-size: var( --e-global-typography-c2933fa-font-size ); letter-spacing: var( --e-global-typography-c2933fa-letter-spacing ); word-spacing: var( --e-global-typography-c2933fa-word-spacing );\"><strong style=\"color: rgb(230, 0, 0);\">Sujets abord\u00e9s:<\/strong><\/span><\/p><p><\/p><p class=\"elementor-element elementor-element-0c30481 elementor-widget elementor-widget-jet-listing-dynamic-repeater\" data-id=\"0c30481\" data-element_type=\"widget\" data-widget_type=\"jet-listing-dynamic-repeater.default\" style=\"box-sizing: border-box; --flex-direction: initial; --flex-wrap: initial; --justify-content: initial; --align-items: initial; --align-content: initial; --gap: initial; --flex-basis: initial; --flex-grow: initial; --flex-shrink: initial; --order: initial; --align-self: initial; flex-basis: var(--flex-basis); flex-grow: var(--flex-grow); flex-shrink: var(--flex-shrink); order: var(--order); align-self: var(--align-self); flex-direction: var(--flex-direction); flex-wrap: var(--flex-wrap); justify-content: var(--justify-content); align-items: var(--align-items); align-content: var(--align-content); gap: var(--gap); position: relative; --swiper-theme-color: #000; --swiper-navigation-size: 44px; --swiper-pagination-bullet-size: 6px; --swiper-pagination-bullet-horizontal-gap: 6px; --widgets-spacing: 0px; min-width: 0px; max-width: 100%;\"><\/p><p class=\"jet-listing jet-listing-dynamic-repeater\" style=\"box-sizing: border-box;\"><\/p><ul style=\"padding-left: 25px;\"><li class=\"jet-listing-dynamic-repeater__item\" style=\"box-sizing: border-box;\"><p style=\"box-sizing: border-box; display: flex; -webkit-box-align: center; align-items: center; justify-content: flex-start; font-family: var( --e-global-typography-dbfedf2-font-family ), Sans-serif; font-size: var( --e-global-typography-dbfedf2-font-size ); font-weight: var( --e-global-typography-dbfedf2-font-weight ); line-height: var( --e-global-typography-dbfedf2-line-height ); letter-spacing: var( --e-global-typography-dbfedf2-letter-spacing ); word-spacing: var( --e-global-typography-dbfedf2-word-spacing ); color: var( --e-global-color-text );\">Classes et objets<\/p><\/li><li class=\"jet-listing-dynamic-repeater__item\" style=\"box-sizing: border-box;\"><p style=\"box-sizing: border-box; display: flex; -webkit-box-align: center; align-items: center; justify-content: flex-start; font-family: var( --e-global-typography-dbfedf2-font-family ), Sans-serif; font-size: var( --e-global-typography-dbfedf2-font-size ); font-weight: var( --e-global-typography-dbfedf2-font-weight ); line-height: var( --e-global-typography-dbfedf2-line-height ); letter-spacing: var( --e-global-typography-dbfedf2-letter-spacing ); word-spacing: var( --e-global-typography-dbfedf2-word-spacing ); color: var( --e-global-color-text );\">H\u00e9ritage<\/p><\/li><li class=\"jet-listing-dynamic-repeater__item\" style=\"box-sizing: border-box;\"><p style=\"box-sizing: border-box; display: flex; -webkit-box-align: center; align-items: center; justify-content: flex-start; font-family: var( --e-global-typography-dbfedf2-font-family ), Sans-serif; font-size: var( --e-global-typography-dbfedf2-font-size ); font-weight: var( --e-global-typography-dbfedf2-font-weight ); line-height: var( --e-global-typography-dbfedf2-line-height ); letter-spacing: var( --e-global-typography-dbfedf2-letter-spacing ); word-spacing: var( --e-global-typography-dbfedf2-word-spacing ); color: var( --e-global-color-text );\">Fichiers<\/p><\/li><li class=\"jet-listing-dynamic-repeater__item\" style=\"box-sizing: border-box;\"><p style=\"box-sizing: border-box; display: flex; -webkit-box-align: center; align-items: center; justify-content: flex-start; font-family: var( --e-global-typography-dbfedf2-font-family ), Sans-serif; font-size: var( --e-global-typography-dbfedf2-font-size ); font-weight: var( --e-global-typography-dbfedf2-font-weight ); line-height: var( --e-global-typography-dbfedf2-line-height ); letter-spacing: var( --e-global-typography-dbfedf2-letter-spacing ); word-spacing: var( --e-global-typography-dbfedf2-word-spacing ); color: var( --e-global-color-text );\">Gestion d&#8217;exceptions<\/p><\/li><li class=\"jet-listing-dynamic-repeater__item\" style=\"box-sizing: border-box;\"><p style=\"box-sizing: border-box; display: flex; -webkit-box-align: center; align-items: center; justify-content: flex-start; font-family: var( --e-global-typography-dbfedf2-font-family ), Sans-serif; font-size: var( --e-global-typography-dbfedf2-font-size ); font-weight: var( --e-global-typography-dbfedf2-font-weight ); line-height: var( --e-global-typography-dbfedf2-line-height ); letter-spacing: var( --e-global-typography-dbfedf2-letter-spacing ); word-spacing: var( --e-global-typography-dbfedf2-word-spacing ); color: var( --e-global-color-text );\">GUI avec tkinter<\/p><\/li><\/ul><p><\/p><p><\/p><p><\/p><p><\/p>\n<p><span style=\"color: rgb(230, 0, 0); font-weight: 700;\">Dur\u00e9e:&nbsp;<\/span>20 heures<br><\/p>\n<p><span style=\"color: rgb(230, 0, 0); font-weight: 700;\">Cout:&nbsp;<\/span>120$<br><\/p>\n\n\n\n<p><strong><span style=\"color:#e60000;\">Objectifs:<\/span><\/strong><\/p>\n<p>D\u00e9velopper une application web de base avec le module Flask python<\/p>\n<p class=\"elementor-element elementor-element-ac607ba jedv-enabled--yes elementor-widget elementor-widget-heading\" data-id=\"ac607ba\" data-element_type=\"widget\" data-widget_type=\"heading.default\" style=\"box-sizing: border-box; --flex-direction: initial; --flex-wrap: initial; --justify-content: initial; --align-items: initial; --align-content: initial; --gap: initial; --flex-basis: initial; --flex-grow: initial; --flex-shrink: initial; --order: initial; --align-self: initial; flex-basis: var(--flex-basis); flex-grow: var(--flex-grow); flex-shrink: var(--flex-shrink); order: var(--order); align-self: var(--align-self); flex-direction: var(--flex-direction); flex-wrap: var(--flex-wrap); justify-content: var(--justify-content); align-items: var(--align-items); align-content: var(--align-content); gap: var(--gap); position: relative; --swiper-theme-color: #000; --swiper-navigation-size: 44px; --swiper-pagination-bullet-size: 6px; --swiper-pagination-bullet-horizontal-gap: 6px; --widgets-spacing: 0px; min-width: 0px; max-width: 100%;\"><\/p><p class=\"elementor-widget-container\" style=\"margin-bottom: 8px; box-sizing: border-box; transition: background .3s,border .3s,border-radius .3s,box-shadow .3s,transform var(--e-transform-transition-duration,.4s); height: 27.5938px;\"><span class=\"elementor-heading-title elementor-size-default\" style=\"box-sizing: border-box; line-height: var( --e-global-typography-c2933fa-line-height ); color: var( --e-global-color-primary ); font-family: var( --e-global-typography-c2933fa-font-family ), Sans-serif; font-size: var( --e-global-typography-c2933fa-font-size ); letter-spacing: var( --e-global-typography-c2933fa-letter-spacing ); word-spacing: var( --e-global-typography-c2933fa-word-spacing );\"><strong style=\"color: rgb(230, 0, 0);\">Sujets abord\u00e9s:<\/strong><\/span><\/p><p><\/p><p class=\"elementor-element elementor-element-0c30481 elementor-widget elementor-widget-jet-listing-dynamic-repeater\" data-id=\"0c30481\" data-element_type=\"widget\" data-widget_type=\"jet-listing-dynamic-repeater.default\" style=\"box-sizing: border-box; --flex-direction: initial; --flex-wrap: initial; --justify-content: initial; --align-items: initial; --align-content: initial; --gap: initial; --flex-basis: initial; --flex-grow: initial; --flex-shrink: initial; --order: initial; --align-self: initial; flex-basis: var(--flex-basis); flex-grow: var(--flex-grow); flex-shrink: var(--flex-shrink); order: var(--order); align-self: var(--align-self); flex-direction: var(--flex-direction); flex-wrap: var(--flex-wrap); justify-content: var(--justify-content); align-items: var(--align-items); align-content: var(--align-content); gap: var(--gap); position: relative; --swiper-theme-color: #000; --swiper-navigation-size: 44px; --swiper-pagination-bullet-size: 6px; --swiper-pagination-bullet-horizontal-gap: 6px; --widgets-spacing: 0px; min-width: 0px; max-width: 100%;\"><\/p><p class=\"jet-listing jet-listing-dynamic-repeater\" style=\"box-sizing: border-box;\"><\/p><ul style=\"padding-left: 25px;\"><li class=\"jet-listing-dynamic-repeater__item\" style=\"box-sizing: border-box;\"><p style=\"box-sizing: border-box; display: flex; -webkit-box-align: center; align-items: center; justify-content: flex-start; font-family: var( --e-global-typography-dbfedf2-font-family ), Sans-serif; font-size: var( --e-global-typography-dbfedf2-font-size ); font-weight: var( --e-global-typography-dbfedf2-font-weight ); line-height: var( --e-global-typography-dbfedf2-line-height ); letter-spacing: var( --e-global-typography-dbfedf2-letter-spacing ); word-spacing: var( --e-global-typography-dbfedf2-word-spacing ); color: var( --e-global-color-text );\">Structure d&#8217;une application web avec Flask<\/p><\/li><li class=\"jet-listing-dynamic-repeater__item\" style=\"box-sizing: border-box;\"><p style=\"box-sizing: border-box; display: flex; -webkit-box-align: center; align-items: center; justify-content: flex-start; font-family: var( --e-global-typography-dbfedf2-font-family ), Sans-serif; font-size: var( --e-global-typography-dbfedf2-font-size ); font-weight: var( --e-global-typography-dbfedf2-font-weight ); line-height: var( --e-global-typography-dbfedf2-line-height ); letter-spacing: var( --e-global-typography-dbfedf2-letter-spacing ); word-spacing: var( --e-global-typography-dbfedf2-word-spacing ); color: var( --e-global-color-text );\">Routes et templates<\/p><\/li><li class=\"jet-listing-dynamic-repeater__item\" style=\"box-sizing: border-box;\"><p style=\"box-sizing: border-box; display: flex; -webkit-box-align: center; align-items: center; justify-content: flex-start; font-family: var( --e-global-typography-dbfedf2-font-family ), Sans-serif; font-size: var( --e-global-typography-dbfedf2-font-size ); font-weight: var( --e-global-typography-dbfedf2-font-weight ); line-height: var( --e-global-typography-dbfedf2-line-height ); letter-spacing: var( --e-global-typography-dbfedf2-letter-spacing ); word-spacing: var( --e-global-typography-dbfedf2-word-spacing ); color: var( --e-global-color-text );\">Formulaires avec Jinja<\/p><\/li><li class=\"jet-listing-dynamic-repeater__item\" style=\"box-sizing: border-box;\"><p style=\"box-sizing: border-box; display: flex; -webkit-box-align: center; align-items: center; justify-content: flex-start; font-family: var( --e-global-typography-dbfedf2-font-family ), Sans-serif; font-size: var( --e-global-typography-dbfedf2-font-size ); font-weight: var( --e-global-typography-dbfedf2-font-weight ); line-height: var( --e-global-typography-dbfedf2-line-height ); letter-spacing: var( --e-global-typography-dbfedf2-letter-spacing ); word-spacing: var( --e-global-typography-dbfedf2-word-spacing ); color: var( --e-global-color-text );\">Int\u00e9gration de SQL Alchemy&nbsp;<\/p><\/li><li class=\"jet-listing-dynamic-repeater__item\" style=\"box-sizing: border-box;\"><p style=\"box-sizing: border-box; display: flex; -webkit-box-align: center; align-items: center; justify-content: flex-start; font-family: var( --e-global-typography-dbfedf2-font-family ), Sans-serif; font-size: var( --e-global-typography-dbfedf2-font-size ); font-weight: var( --e-global-typography-dbfedf2-font-weight ); line-height: var( --e-global-typography-dbfedf2-line-height ); letter-spacing: var( --e-global-typography-dbfedf2-letter-spacing ); word-spacing: var( --e-global-typography-dbfedf2-word-spacing ); color: var( --e-global-color-text );\">Cookies et Sessions<\/p><\/li><\/ul><p><\/p><p><\/p><p><\/p><p><\/p>\n<p><span style=\"color: rgb(230, 0, 0); font-weight: 700;\">Dur\u00e9e:&nbsp;<\/span>24 heures<br><\/p>\n<p><span style=\"color: rgb(230, 0, 0); font-weight: 700;\">Cout:&nbsp;<\/span>144$<br><\/p>\n\n\n","protected":false},"excerpt":{"rendered":"","protected":false},"author":3,"featured_media":0,"parent":376,"menu_order":0,"comment_status":"closed","ping_status":"closed","template":"","meta":{"jetpack_post_was_ever_published":false},"aioseo_notices":[],"jetpack_sharing_enabled":true,"jetpack_shortlink":"https:\/\/wp.me\/PhEMW-8w","_links":{"self":[{"href":"https:\/\/degenio.com\/blog\/wp-json\/wp\/v2\/pages\/528"}],"collection":[{"href":"https:\/\/degenio.com\/blog\/wp-json\/wp\/v2\/pages"}],"about":[{"href":"https:\/\/degenio.com\/blog\/wp-json\/wp\/v2\/types\/page"}],"author":[{"embeddable":true,"href":"https:\/\/degenio.com\/blog\/wp-json\/wp\/v2\/users\/3"}],"replies":[{"embeddable":true,"href":"https:\/\/degenio.com\/blog\/wp-json\/wp\/v2\/comments?post=528"}],"version-history":[{"count":3,"href":"https:\/\/degenio.com\/blog\/wp-json\/wp\/v2\/pages\/528\/revisions"}],"predecessor-version":[{"id":531,"href":"https:\/\/degenio.com\/blog\/wp-json\/wp\/v2\/pages\/528\/revisions\/531"}],"up":[{"embeddable":true,"href":"https:\/\/degenio.com\/blog\/wp-json\/wp\/v2\/pages\/376"}],"wp:attachment":[{"href":"https:\/\/degenio.com\/blog\/wp-json\/wp\/v2\/media?parent=528"}],"curies":[{"name":"wp","href":"https:\/\/api.w.org\/{rel}","templated":true}]}}